{"id":19,"date":"2023-07-18T23:28:49","date_gmt":"2023-07-19T03:28:49","guid":{"rendered":"https:\/\/grumerasrl.com.do\/?page_id=19"},"modified":"2026-02-05T18:02:14","modified_gmt":"2026-02-05T22:02:14","slug":"division-de-medios","status":"publish","type":"page","link":"https:\/\/grumerasrl.com.do\/index.php\/division-de-medios\/","title":{"rendered":"Divisi\u00f3n de medios"},"content":{"rendered":"\n<p><strong>Descripci\u00f3n de GRUMERA, SRL<\/strong><\/p>\n\n\n\n<p>El Grupo de Comunicaciones Melvinson Alm\u00e1nzar (GRUMERA, SRL) es una agencia de relaciones p\u00fablicas y un conglomerado de medios de comunicaci\u00f3n con sede en la Rep\u00fablica Dominicana. GRUMERA se destaca por ofrecer una plataforma integral de comunicaci\u00f3n y marketing que abarca una amplia gama de sectores, desde el turismo hasta el entretenimiento y el deporte, tanto a nivel nacional como internacional.<\/p>\n\n\n\n<p><strong>Oferta de Medios<\/strong><\/p>\n\n\n\n<p>GRUMERA, SRL cuenta con una diversa cartera de medios, cada uno especializado en su propio nicho, brindando a los clientes la oportunidad de alcanzar audiencias espec\u00edficas con contenido relevante y de alta calidad:<\/p>\n\n\n\n<ol class=\"wp-block-list\">\n<li><strong>www.visitanes.do<\/strong>: Un peri\u00f3dico dedicado al turismo, ofreciendo a los lectores informaci\u00f3n actualizada sobre destinos, tendencias y experiencias de viaje en la Rep\u00fablica Dominicana y m\u00e1s all\u00e1.<\/li>\n\n\n\n<li><strong>www.laevidencia.com.do<\/strong>: Un peri\u00f3dico enfocado en noticias nacionales e internacionales, ofreciendo una visi\u00f3n objetiva y precisa de los eventos que impactan tanto a la Rep\u00fablica Dominicana como al resto del mundo.<\/li>\n\n\n\n<li><strong>www.pibmedia.com.do<\/strong>: Publicaci\u00f3n especializada en econom\u00eda. <\/li>\n\n\n\n<li><strong>www.horapico.com.do<\/strong>: Un medio de comunicaci\u00f3n que se especializa en noticias nacionales e internacionales de \u00faltima hora, asegurando que los lectores siempre est\u00e9n al tanto de los acontecimientos m\u00e1s recientes.<\/li>\n\n\n\n<li><strong>www.traslosfamosos.com.do<\/strong>: Un peri\u00f3dico que cubre el mundo del entretenimiento a nivel global, con un enfoque en noticias sobre celebridades, tendencias y eventos del espect\u00e1culo.<\/li>\n\n\n\n<li><strong>\u00abSeg\u00fan Alm\u00e1nzar El Podcast\u00bb<\/strong>: Un programa transmitido por YouTube que aborda temas de actualidad, entrevistas y an\u00e1lisis, ofreciendo un formato din\u00e1mico y accesible para las audiencias modernas.<\/li>\n\n\n\n<li><strong>www.elestadio.dom.do<\/strong>: Un portal web dedicado a las noticias deportivas, cubriendo tanto eventos nacionales como internacionales, y ofreciendo an\u00e1lisis y comentarios sobre las disciplinas deportivas m\u00e1s populares.<\/li>\n<\/ol>\n\n\n\n<p><strong>Ventajas de trabajar con GRUMERA, SRL<\/strong><\/p>\n\n\n\n<p>Al asociarse con GRUMERA, SRL, los clientes pueden aprovechar un ecosistema de medios diverso y estrat\u00e9gico, dise\u00f1ado para maximizar la visibilidad de sus marcas, productos o servicios en los mercados m\u00e1s relevantes. Nuestra capacidad para ofrecer cobertura en m\u00faltiples plataformas garantiza una presencia efectiva en todos los canales de comunicaci\u00f3n clave, desde la prensa escrita y digital hasta las plataformas audiovisuales. Con un equipo de profesionales altamente capacitados y una infraestructura robusta, GRUMERA est\u00e1 en la mejor posici\u00f3n para ayudar a sus clientes a alcanzar sus objetivos de comunicaci\u00f3n y marketing con eficacia y creatividad.<\/p>\n","protected":false},"excerpt":{"rendered":"<p>Descripci\u00f3n de GRUMERA, SRL El Grupo de Comunicaciones Melvinson Alm\u00e1nzar (GRUMERA, SRL) es una agencia de relaciones p\u00fablicas y un conglomerado de medios de comunicaci\u00f3n con sede en la Rep\u00fablica Dominicana. GRUMERA se destaca por ofrecer una plataforma integral de&hellip;<\/p>\n","protected":false},"author":1,"featured_media":0,"parent":0,"menu_order":0,"comment_status":"closed","ping_status":"closed","template":"","meta":{"footnotes":""},"class_list":["post-19","page","type-page","status-publish","hentry"],"_links":{"self":[{"href":"https:\/\/grumerasrl.com.do\/index.php\/wp-json\/wp\/v2\/pages\/19","targetHints":{"allow":["GET"]}}],"collection":[{"href":"https:\/\/grumerasrl.com.do\/index.php\/wp-json\/wp\/v2\/pages"}],"about":[{"href":"https:\/\/grumerasrl.com.do\/index.php\/wp-json\/wp\/v2\/types\/page"}],"author":[{"embeddable":true,"href":"https:\/\/grumerasrl.com.do\/index.php\/wp-json\/wp\/v2\/users\/1"}],"replies":[{"embeddable":true,"href":"https:\/\/grumerasrl.com.do\/index.php\/wp-json\/wp\/v2\/comments?post=19"}],"version-history":[{"count":3,"href":"https:\/\/grumerasrl.com.do\/index.php\/wp-json\/wp\/v2\/pages\/19\/revisions"}],"predecessor-version":[{"id":250,"href":"https:\/\/grumerasrl.com.do\/index.php\/wp-json\/wp\/v2\/pages\/19\/revisions\/250"}],"wp:attachment":[{"href":"https:\/\/grumerasrl.com.do\/index.php\/wp-json\/wp\/v2\/media?parent=19"}],"curies":[{"name":"wp","href":"https:\/\/api.w.org\/{rel}","templated":true}]}}