{"id":2,"date":"2023-01-25T12:32:10","date_gmt":"2023-01-25T16:32:10","guid":{"rendered":"https:\/\/grumerasrl.com.do\/?page_id=2"},"modified":"2023-07-19T01:02:03","modified_gmt":"2023-07-19T05:02:03","slug":"nuestro-trabajo","status":"publish","type":"page","link":"https:\/\/grumerasrl.com.do\/index.php\/nuestro-trabajo\/","title":{"rendered":"Nuestro trabajo"},"content":{"rendered":"\n<h4 class=\"wp-block-heading\">Somos una agencia de relaciones p\u00fablicas especializada en el manejo estrat\u00e9gico de la comunicaci\u00f3n y las relaciones entre su organizaci\u00f3n y sus p\u00fablicos objetivo. Nuestros servicios principales incluyen:<\/h4>\n\n\n\n<hr class=\"wp-block-separator has-alpha-channel-opacity\"\/>\n\n\n\n<h2 class=\"wp-block-heading\">Estrategia de comunicaci\u00f3n<\/h2>\n\n\n\n<p>Trabajamos para desarrollar estrategias de comunicaci\u00f3n que ayuden a una organizaci\u00f3n en la misi\u00f3n de alcanzar sus objetivos. Esto implica identificar los p\u00fablicos clave, establecer mensajes claros y dise\u00f1ar t\u00e1cticas efectivas para difundir esos mensajes.<\/p>\n\n\n\n<h2 class=\"wp-block-heading\">Gesti\u00f3n de la reputaci\u00f3n<\/h2>\n\n\n\n<p>Nos encargamos de gestionar y proteger la reputaci\u00f3n de su organizaci\u00f3n. Esto implica monitorear la opini\u00f3n p\u00fablica, anticipar y manejar crisis de comunicaci\u00f3n, y construir una imagen positiva a trav\u00e9s de relaciones s\u00f3lidas con los medios de comunicaci\u00f3n y otros actores clave.<\/p>\n\n\n\n<p>Logramos esto a trav\u00e9s de diversas actividades, como monitorear los medios en busca de historias negativas, realizar un control de da\u00f1os en caso de una crisis y promover de manera proactiva la imagen positiva del cliente.&nbsp;Si bien el objetivo principal de la gesti\u00f3n de la reputaci\u00f3n es mejorar la imagen del cliente, tambi\u00e9n es importante recordar que trabajamos para matener esa reputaci\u00f3n. <\/p>\n\n\n\n<h2 class=\"wp-block-heading\">Gesti\u00f3n de crisis<\/h2>\n\n\n\n<p>Cuando una empresa enfrenta un esc\u00e1ndalo u otra publicidad negativa, es vital contar con un equipo de profesionales experimentados que puedan ayudar a minimizar el da\u00f1o y restaurar su reputaci\u00f3n.&nbsp;La gesti\u00f3n de crisis a menudo se trata de algo m\u00e1s que el control de da\u00f1os;&nbsp;tambi\u00e9n se trata de prevenci\u00f3n.&nbsp;Procuramos trabajar con su empresa para ayudar a evitar crisis en primer lugar, mediante el desarrollo de planes de comunicaci\u00f3n integrales y la preparaci\u00f3n para posibles problemas.&nbsp;Y si ocurre una crisis, uitlizamos todos nuestros recursos para proteger su empresa.<\/p>\n\n\n\n<h2 class=\"wp-block-heading\">Relaciones con los medios<\/h2>\n\n\n\n<p>Impulsamos las relaciones con periodistas y medios de comunicaci\u00f3n, a favor de nuestros clientes. Nos encargamos de redactar y distribuir comunicados de prensa, organizar conferencias de prensa, coordinar entrevistas y gestionar las relaciones para asegurar una cobertura favorable de su organizaci\u00f3n.<\/p>\n\n\n\n<h2 class=\"wp-block-heading\">Gesti\u00f3n de eventos<\/h2>\n\n\n\n<p>Planficamos y ejecutamos eventos especiales en nombre de la organizaci\u00f3n. Esto puede incluir conferencias, ferias comerciales, lanzamientos de productos, celebridades o cualquier otro evento que promueva la imagen y los objetivos de la organizaci\u00f3n.<\/p>\n\n\n\n<h2 class=\"wp-block-heading\">Comunicaci\u00f3n digital<\/h2>\n\n\n\n<p>En el entorno actual, nos encargamos de la gesti\u00f3n de la comunicaci\u00f3n en l\u00ednea. Esto implica la gesti\u00f3n de las redes sociales, la creaci\u00f3n y mantenimiento de blogs y sitios web, y la monitorizaci\u00f3n de la reputaci\u00f3n en l\u00ednea.<\/p>\n\n\n\n<h2 class=\"wp-block-heading\">Asesoramiento estrat\u00e9gico<\/h2>\n\n\n\n<p>Brindamos asesoramiento estrat\u00e9gico a la organizaci\u00f3n en t\u00e9rminos de comunicaci\u00f3n. Esto implica identificar oportunidades, evaluar riesgos y ofrecer recomendaciones sobre c\u00f3mo mejorar la comunicaci\u00f3n y las relaciones con los p\u00fablicos objetivo.<\/p>\n\n\n\n<h2 class=\"wp-block-heading\">Medici\u00f3n y evaluaci\u00f3n<\/h2>\n\n\n\n<p>Realizamos un seguimiento y evaluaci\u00f3n los resultados de las estrategias y t\u00e1cticas implementadas. Utilizamos m\u00e9tricas y an\u00e1lisis para medir el impacto de las actividades de comunicaci\u00f3n y realizar ajustes necesarios.<\/p>\n\n\n\n<h2 class=\"wp-block-heading\">Redacci\u00f3n de Discursos y Comunicaciones Internas<\/h2>\n\n\n\n<p>Las agencias de relaciones p\u00fablicas tambi\u00e9n ayudan a sus clientes a escribir discursos y desarrollar comunicaciones internas.&nbsp;La redacci\u00f3n de discursos convincentes y las comunicaciones internas deben estar libres de errores gramaticales y equilibrar el arte de la persuasi\u00f3n y la narraci\u00f3n.&nbsp;Esto es especialmente importante hoy en d\u00eda, donde cualquier cosa puede \u00abfiltrarse\u00bb o compartirse p\u00fablicamente.<\/p>\n\n\n\n<h2 class=\"wp-block-heading\">Evento planeado<\/h2>\n\n\n\n<p>Los eventos pueden ser un componente valioso de un plan de marketing y relaciones p\u00fablicas para algunas empresas.&nbsp;Las agencias de relaciones p\u00fablicas suelen asumir el papel de planificador de eventos cuando su cliente organiza un evento al que asistir\u00e1n miembros de los medios de comunicaci\u00f3n.&nbsp;El objetivo es garantizar que el evento se desarrolle sin problemas y que el cliente se vea de manera positiva.&nbsp;Con este fin, las agencias de relaciones p\u00fablicas suelen coordinar todos los aspectos de la planificaci\u00f3n de eventos, desde la reserva de lugares y la organizaci\u00f3n de conferencias de prensa hasta la organizaci\u00f3n de viajes y alojamiento para los asistentes.&nbsp;La agencia de relaciones p\u00fablicas tambi\u00e9n utilizar\u00e1 su equipo de marketing para crear contenido a trav\u00e9s de comunicaciones de eventos, mesas redondas o anuncios realizados para el evento.<\/p>\n\n\n\n<h2 class=\"wp-block-heading\">Investigaci\u00f3n de mercado<\/h2>\n\n\n\n<p>La investigaci\u00f3n de mercado es un paso crucial en cualquier campa\u00f1a de relaciones p\u00fablicas eficaz.&nbsp;Al tomarse el tiempo para comprender a su p\u00fablico objetivo, puede desarrollar mensajes que resuenen con ellos y lleguen donde es m\u00e1s probable que los vean.&nbsp;Adem\u00e1s, a los reporteros y personas influyentes les encanta tener acceso a nuevos estudios de mercado.&nbsp;<\/p>\n","protected":false},"excerpt":{"rendered":"<p>Somos una agencia de relaciones p\u00fablicas especializada en el manejo estrat\u00e9gico de la comunicaci\u00f3n y las relaciones entre su organizaci\u00f3n y sus p\u00fablicos objetivo. Nuestros servicios principales incluyen: Estrategia de comunicaci\u00f3n Trabajamos para desarrollar estrategias de comunicaci\u00f3n que ayuden a&hellip;<\/p>\n","protected":false},"author":1,"featured_media":0,"parent":0,"menu_order":0,"comment_status":"closed","ping_status":"closed","template":"","meta":{"footnotes":""},"class_list":["post-2","page","type-page","status-publish","hentry"],"_links":{"self":[{"href":"https:\/\/grumerasrl.com.do\/index.php\/wp-json\/wp\/v2\/pages\/2","targetHints":{"allow":["GET"]}}],"collection":[{"href":"https:\/\/grumerasrl.com.do\/index.php\/wp-json\/wp\/v2\/pages"}],"about":[{"href":"https:\/\/grumerasrl.com.do\/index.php\/wp-json\/wp\/v2\/types\/page"}],"author":[{"embeddable":true,"href":"https:\/\/grumerasrl.com.do\/index.php\/wp-json\/wp\/v2\/users\/1"}],"replies":[{"embeddable":true,"href":"https:\/\/grumerasrl.com.do\/index.php\/wp-json\/wp\/v2\/comments?post=2"}],"version-history":[{"count":9,"href":"https:\/\/grumerasrl.com.do\/index.php\/wp-json\/wp\/v2\/pages\/2\/revisions"}],"predecessor-version":[{"id":51,"href":"https:\/\/grumerasrl.com.do\/index.php\/wp-json\/wp\/v2\/pages\/2\/revisions\/51"}],"wp:attachment":[{"href":"https:\/\/grumerasrl.com.do\/index.php\/wp-json\/wp\/v2\/media?parent=2"}],"curies":[{"name":"wp","href":"https:\/\/api.w.org\/{rel}","templated":true}]}}